{"id":25849671,"date":"2026-04-27T14:29:22","date_gmt":"2026-04-27T12:29:22","guid":{"rendered":"https:\/\/webseite-wordpress-app-dkgmexb0h2fqfua6.germanywestcentral-01.azurewebsites.net\/?page_id=25849671"},"modified":"2026-04-30T12:50:48","modified_gmt":"2026-04-30T10:50:48","slug":"data-analyst","status":"publish","type":"page","link":"https:\/\/rimerit.com\/en\/karriere\/data-analyst\/","title":{"rendered":"Data Analyst (m\/f\/d)"},"content":{"rendered":"<p>[et_pb_section fb_built=&#8220;1&#8243; _builder_version=&#8220;4.27.6&#8243; _module_preset=&#8220;default&#8220; custom_margin=&#8220;|20px||20px|false|true&#8220; custom_margin_tablet=&#8220;|20px||20px|false|true&#8220; custom_margin_phone=&#8220;|10px||10px|false|true&#8220; custom_margin_last_edited=&#8220;on|phone&#8220; custom_padding=&#8220;|||0px|false|false&#8220; border_radii=&#8220;on|20px|20px|20px|20px&#8220; global_colors_info=&#8220;{}&#8220;][et_pb_row _builder_version=&#8220;4.27.6&#8243; _module_preset=&#8220;default&#8220; width=&#8220;90%&#8220; max_width=&#8220;1360px&#8220; global_colors_info=&#8220;{}&#8220;][et_pb_column type=&#8220;4_4&#8243; _builder_version=&#8220;4.27.6&#8243; _module_preset=&#8220;default&#8220; global_colors_info=&#8220;{}&#8220;][et_pb_text _builder_version=&#8220;4.27.6&#8243; _module_preset=&#8220;default&#8220; header_font=&#8220;Manrope||||||||&#8220; header_2_font=&#8220;Manrope|600|||||||&#8220; header_2_text_align=&#8220;left&#8220; header_2_text_color=&#8220;#071018&#8243; header_2_font_size=&#8220;36px&#8220; header_2_letter_spacing=&#8220;-0.5px&#8220; header_2_line_height=&#8220;1.2em&#8220; text_orientation=&#8220;center&#8220; width=&#8220;100%&#8220; width_tablet=&#8220;520px&#8220; width_phone=&#8220;100%&#8220; width_last_edited=&#8220;on|phone&#8220; module_alignment=&#8220;center&#8220; custom_margin=&#8220;0px||0px||false|false&#8220; custom_padding=&#8220;|0px||||&#8220; header_2_font_size_tablet=&#8220;40px&#8220; header_2_font_size_phone=&#8220;30px&#8220; header_2_font_size_last_edited=&#8220;on|phone&#8220; header_2_letter_spacing_tablet=&#8220;-1.5px&#8220; header_2_letter_spacing_phone=&#8220;-1px&#8220; header_2_letter_spacing_last_edited=&#8220;on|phone&#8220; header_2_line_height_tablet=&#8220;1.2em&#8220; header_2_line_height_phone=&#8220;1.2em&#8220; header_2_line_height_last_edited=&#8220;on|phone&#8220; text_orientation_tablet=&#8220;center&#8220; text_orientation_phone=&#8220;left&#8220; text_orientation_last_edited=&#8220;on|phone&#8220; module_alignment_tablet=&#8220;left&#8220; module_alignment_phone=&#8220;left&#8220; module_alignment_last_edited=&#8220;on|tablet&#8220; locked=&#8220;off&#8220; global_colors_info=&#8220;{}&#8220;]<\/p>\n<h2><span><span style=\"background: linear-gradient(90deg, #6C73B9 0%, #7C83C9 50%, #8F96D8 100%); -webkit-background-clip: text; background-clip: text; -webkit-text-fill-color: transparent;\">Data Analyst<\/span><\/span><span><span style=\"background: linear-gradient(90deg, #6C73B9 0%, #7C83C9 50%, #8F96D8 100%); -webkit-background-clip: text; background-clip: text; -webkit-text-fill-color: transparent;\"><\/span><\/span>\u00a0(m\/w\/d)<\/h2>\n<p>[\/et_pb_text][et_pb_text _builder_version=&#8220;4.27.6&#8243; _module_preset=&#8220;default&#8220; text_font=&#8220;Manrope||||||||&#8220; text_text_color=&#8220;#071018&#8243; text_font_size=&#8220;17px&#8220; text_line_height=&#8220;1.65em&#8220; header_text_color=&#8220;#FFFFFF&#8220; background_layout=&#8220;dark&#8220; width=&#8220;950px&#8220; width_tablet=&#8220;950px&#8220; width_phone=&#8220;100%&#8220; width_last_edited=&#8220;on|phone&#8220; max_width_tablet=&#8220;600px&#8220; max_width_phone=&#8220;600px&#8220; max_width_last_edited=&#8220;on|desktop&#8220; module_alignment=&#8220;left&#8220; custom_margin=&#8220;-20px||0px||false|false&#8220; custom_padding=&#8220;20px||0px||false|false&#8220; text_font_size_tablet=&#8220;18px&#8220; text_font_size_phone=&#8220;16px&#8220; text_font_size_last_edited=&#8220;on|phone&#8220; text_orientation_tablet=&#8220;left&#8220; text_orientation_phone=&#8220;left&#8220; text_orientation_last_edited=&#8220;on|phone&#8220; locked=&#8220;off&#8220; global_colors_info=&#8220;{}&#8220;]<\/p>\n<div class=\"career-card-item\">\n<div class=\"wrapper vacancy-tittle\">\n<div class=\"wrapper-vertical\">\n<ul>\n<li class=\"career-card-item\">IT- &amp; Business Intellegence<\/li>\n<li class=\"career-card-item\">Start nach Vereinbarung<\/li>\n<li class=\"career-card-item\">Vollzeit I Teilzeit<\/li>\n<li class=\"career-card-item\">Remote-Anteil: flexibel nach Absprache<\/li>\n<\/ul>\n<\/div>\n<\/div>\n<div class=\"vacancy-description-block\">\n<div class=\"card-small vacancy\">\n<div class=\"wrapper-vertical vacancy\"><\/div>\n<\/div>\n<\/div>\n<\/div>\n<p>[\/et_pb_text][\/et_pb_column][\/et_pb_row][\/et_pb_section][et_pb_section fb_built=&#8220;1&#8243; module_id=&#8220;vorteile&#8220; _builder_version=&#8220;4.27.6&#8243; _module_preset=&#8220;default&#8220; custom_margin=&#8220;20px|20px||20px|false|true&#8220; custom_margin_tablet=&#8220;|20px||20px|false|true&#8220; custom_margin_phone=&#8220;|10px||10px|false|true&#8220; custom_margin_last_edited=&#8220;on|phone&#8220; custom_padding=&#8220;|||0px|false|false&#8220; border_radii=&#8220;on|20px|20px|20px|20px&#8220; global_colors_info=&#8220;{}&#8220;][et_pb_row use_custom_gutter=&#8220;on&#8220; gutter_width=&#8220;2&#8243; make_equal=&#8220;on&#8220; _builder_version=&#8220;4.27.6&#8243; _module_preset=&#8220;default&#8220; background_enable_color=&#8220;off&#8220; width=&#8220;90%&#8220; max_width=&#8220;1360px&#8220; max_width_tablet=&#8220;1360px&#8220; max_width_phone=&#8220;1360px&#8220; max_width_last_edited=&#8220;on|phone&#8220; height=&#8220;250px&#8220; height_tablet=&#8220;&#8220; height_phone=&#8220;&#8220; height_last_edited=&#8220;on|phone&#8220; custom_margin=&#8220;0px||||false|false&#8220; custom_margin_tablet=&#8220;-15px||||false|false&#8220; custom_margin_phone=&#8220;-15px||||false|false&#8220; custom_margin_last_edited=&#8220;on|phone&#8220; custom_padding=&#8220;0px||||false|false&#8220; hover_enabled=&#8220;0&#8243; global_colors_info=&#8220;{}&#8220; use_background_color_gradient__hover=&#8220;on&#8220; background_color_gradient_stops__hover=&#8220;#2a323b 0%|#2a323b 99%&#8220; background__hover_enabled=&#8220;off|desktop&#8220; sticky_enabled=&#8220;0&#8243;][et_pb_column type=&#8220;4_4&#8243; _builder_version=&#8220;4.27.6&#8243; _module_preset=&#8220;default&#8220; background_color=&#8220;#e7e7f3&#8243; custom_padding=&#8220;20px||20px||false|false&#8220; hover_enabled=&#8220;0&#8243; custom_css_main_element=&#8220;cursor:pointer;&#8220; border_radii=&#8220;on|8px|8px|8px|8px&#8220; global_colors_info=&#8220;{}&#8220; background__hover_enabled=&#8220;off|desktop&#8220; sticky_enabled=&#8220;0&#8243;][et_pb_text _builder_version=&#8220;4.27.6&#8243; _module_preset=&#8220;default&#8220; text_font=&#8220;Manrope||||||||&#8220; text_text_color=&#8220;#071018&#8243; text_font_size=&#8220;17px&#8220; text_line_height=&#8220;1.6em&#8220; header_font=&#8220;Manrope||||||||&#8220; header_3_line_height=&#8220;1.3em&#8220; header_4_font=&#8220;|600|||||||&#8220; header_4_font_size=&#8220;22px&#8220; header_4_line_height=&#8220;1.2em&#8220; background_layout=&#8220;dark&#8220; module_alignment=&#8220;left&#8220; custom_margin=&#8220;-1px||10px||false|false&#8220; custom_padding=&#8220;|20px||20px|false|false&#8220; custom_padding_tablet=&#8220;|||20px|false|false&#8220; custom_padding_phone=&#8220;|||20px|false|false&#8220; custom_padding_last_edited=&#8220;on|desktop&#8220; hover_enabled=&#8220;0&#8243; text_font_size_tablet=&#8220;18px&#8220; text_font_size_phone=&#8220;16px&#8220; text_font_size_last_edited=&#8220;on|phone&#8220; global_colors_info=&#8220;{}&#8220; header_3_text_color=&#8220;#071018&#8243; sticky_enabled=&#8220;0&#8243;]<\/p>\n<div class=\"text grey-light-dark\">\n<h3><strong>Deine Aufgaben:<\/strong><\/h3>\n<div class=\"career-card-item\">\n<div class=\"career-card-item\">\n<ul>\n<li class=\"text light-dark\">Du analysierst strukturierte und unstrukturierte Daten aus verschiedenen Quellen (z.\u202fB. CRM, ERP, Supportsysteme) und leitest daraus Handlungsempfehlungen ab.<\/li>\n<li class=\"text light-dark\">Du entwickelst Dashboards und Reports f\u00fcr interne Teams und Kunden \u2013 z.\u202fB. mit Power BI, Excel oder Azure Synapse.<\/li>\n<li class=\"text light-dark\">Du unterst\u00fctzt bei der Automatisierung von Datenfl\u00fcssen und der Optimierung von Gesch\u00e4ftsprozessen.<\/li>\n<li class=\"text light-dark\">Du arbeitest eng mit Vertrieb, Technik und Gesch\u00e4ftsf\u00fchrung zusammen, um datenbasierte Entscheidungen zu erm\u00f6glichen.<\/li>\n<li class=\"text light-dark\">Du bringst deine Ideen in die Weiterentwicklung unserer internen Datenstrategie ein<\/li>\n<\/ul>\n<\/div>\n<\/div>\n<\/div>\n<p>[\/et_pb_text][\/et_pb_column][\/et_pb_row][et_pb_row use_custom_gutter=&#8220;on&#8220; gutter_width=&#8220;2&#8243; make_equal=&#8220;on&#8220; _builder_version=&#8220;4.27.6&#8243; _module_preset=&#8220;default&#8220; background_enable_color=&#8220;off&#8220; width=&#8220;90%&#8220; max_width=&#8220;1360px&#8220; max_width_tablet=&#8220;1360px&#8220; max_width_phone=&#8220;1360px&#8220; max_width_last_edited=&#8220;on|phone&#8220; height=&#8220;250px&#8220; height_tablet=&#8220;&#8220; height_phone=&#8220;&#8220; height_last_edited=&#8220;on|phone&#8220; custom_margin=&#8220;0px||||false|false&#8220; custom_margin_tablet=&#8220;-15px||||false|false&#8220; custom_margin_phone=&#8220;-15px||||false|false&#8220; custom_margin_last_edited=&#8220;on|phone&#8220; custom_padding=&#8220;0px||||false|false&#8220; hover_enabled=&#8220;0&#8243; global_colors_info=&#8220;{}&#8220; use_background_color_gradient__hover=&#8220;on&#8220; background_color_gradient_stops__hover=&#8220;#2a323b 0%|#2a323b 99%&#8220; background__hover_enabled=&#8220;off|desktop&#8220; sticky_enabled=&#8220;0&#8243;][et_pb_column type=&#8220;4_4&#8243; _builder_version=&#8220;4.27.6&#8243; _module_preset=&#8220;default&#8220; background_color=&#8220;#e7e7f3&#8243; custom_padding=&#8220;20px||20px||false|false&#8220; hover_enabled=&#8220;0&#8243; custom_css_main_element=&#8220;cursor:pointer;&#8220; border_radii=&#8220;on|8px|8px|8px|8px&#8220; global_colors_info=&#8220;{}&#8220; background__hover_enabled=&#8220;off|desktop&#8220; sticky_enabled=&#8220;0&#8243;][et_pb_text _builder_version=&#8220;4.27.6&#8243; _module_preset=&#8220;default&#8220; text_font=&#8220;Manrope||||||||&#8220; text_text_color=&#8220;#071018&#8243; text_font_size=&#8220;17px&#8220; text_line_height=&#8220;1.6em&#8220; header_font=&#8220;Manrope||||||||&#8220; header_3_line_height=&#8220;1.3em&#8220; header_4_font=&#8220;|600|||||||&#8220; header_4_font_size=&#8220;22px&#8220; header_4_line_height=&#8220;1.2em&#8220; background_layout=&#8220;dark&#8220; module_alignment=&#8220;left&#8220; custom_margin=&#8220;-1px||10px||false|false&#8220; custom_padding=&#8220;|20px||20px|false|false&#8220; custom_padding_tablet=&#8220;|||20px|false|false&#8220; custom_padding_phone=&#8220;|||20px|false|false&#8220; custom_padding_last_edited=&#8220;on|desktop&#8220; hover_enabled=&#8220;0&#8243; text_font_size_tablet=&#8220;18px&#8220; text_font_size_phone=&#8220;16px&#8220; text_font_size_last_edited=&#8220;on|phone&#8220; global_colors_info=&#8220;{}&#8220; header_3_text_color=&#8220;#071018&#8243; sticky_enabled=&#8220;0&#8243;]<\/p>\n<div class=\"text grey-light-dark\">\n<h3><strong>Das bringst du mit:<\/strong><\/h3>\n<div class=\"career-card-item\">\n<div class=\"career-card-item\">\n<div class=\"career-card-item\">\n<ul>\n<li class=\"text light-dark\">Abgeschlossenes Studium im Bereich Wirtschaftsinformatik, Data Science, Mathematik oder vergleichbare Qualifikation<\/li>\n<li class=\"text light-dark\">\n<div class=\"text light-dark\">Erfahrung mit Datenanalyse-Tools wie Power BI, Excel, SQL oder Python<\/div>\n<\/li>\n<li class=\"text light-dark\">Kenntnisse in Microsoft 365, Azure oder Power Platform sind ein Plus<\/li>\n<li class=\"text light-dark\">Analytisches Denkverm\u00f6gen, strukturierte Arbeitsweise und Teamgeist<\/li>\n<li class=\"text light-dark\">Sehr gute Deutschkenntnisse in Wort und Schrift<\/li>\n<\/ul>\n<\/div>\n<\/div>\n<\/div>\n<\/div>\n<p>[\/et_pb_text][\/et_pb_column][\/et_pb_row][et_pb_row use_custom_gutter=&#8220;on&#8220; gutter_width=&#8220;2&#8243; make_equal=&#8220;on&#8220; _builder_version=&#8220;4.27.6&#8243; _module_preset=&#8220;default&#8220; background_enable_color=&#8220;off&#8220; width=&#8220;90%&#8220; max_width=&#8220;1360px&#8220; max_width_tablet=&#8220;1360px&#8220; max_width_phone=&#8220;1360px&#8220; max_width_last_edited=&#8220;on|phone&#8220; height=&#8220;250px&#8220; height_tablet=&#8220;223px&#8220; height_phone=&#8220;&#8220; height_last_edited=&#8220;on|phone&#8220; custom_margin=&#8220;0px||||false|false&#8220; custom_margin_tablet=&#8220;-15px||||false|false&#8220; custom_margin_phone=&#8220;-15px||||false|false&#8220; custom_margin_last_edited=&#8220;on|phone&#8220; custom_padding=&#8220;0px||||false|false&#8220; hover_enabled=&#8220;0&#8243; global_colors_info=&#8220;{}&#8220; use_background_color_gradient__hover=&#8220;on&#8220; background_color_gradient_stops__hover=&#8220;#2a323b 0%|#2a323b 99%&#8220; background__hover_enabled=&#8220;off|desktop&#8220; sticky_enabled=&#8220;0&#8243;][et_pb_column type=&#8220;4_4&#8243; _builder_version=&#8220;4.27.6&#8243; _module_preset=&#8220;default&#8220; background_color=&#8220;#e7e7f3&#8243; custom_padding=&#8220;20px||20px||false|false&#8220; hover_enabled=&#8220;0&#8243; custom_css_main_element=&#8220;cursor:pointer;&#8220; border_radii=&#8220;on|8px|8px|8px|8px&#8220; global_colors_info=&#8220;{}&#8220; background__hover_enabled=&#8220;off|desktop&#8220; sticky_enabled=&#8220;0&#8243;][et_pb_text _builder_version=&#8220;4.27.6&#8243; _module_preset=&#8220;default&#8220; text_font=&#8220;Manrope||||||||&#8220; text_text_color=&#8220;#071018&#8243; text_font_size=&#8220;17px&#8220; text_line_height=&#8220;1.6em&#8220; header_font=&#8220;Manrope||||||||&#8220; header_3_line_height=&#8220;1.3em&#8220; header_4_font=&#8220;|600|||||||&#8220; header_4_font_size=&#8220;22px&#8220; header_4_line_height=&#8220;1.2em&#8220; background_layout=&#8220;dark&#8220; module_alignment=&#8220;left&#8220; custom_margin=&#8220;-1px||10px||false|false&#8220; custom_padding=&#8220;|20px||20px|false|false&#8220; custom_padding_tablet=&#8220;|||20px|false|false&#8220; custom_padding_phone=&#8220;|||20px|false|false&#8220; custom_padding_last_edited=&#8220;on|desktop&#8220; hover_enabled=&#8220;0&#8243; text_font_size_tablet=&#8220;18px&#8220; text_font_size_phone=&#8220;16px&#8220; text_font_size_last_edited=&#8220;on|phone&#8220; global_colors_info=&#8220;{}&#8220; header_text_color=&#8220;#071018&#8243; header_3_text_color=&#8220;#071018&#8243; sticky_enabled=&#8220;0&#8243;]<\/p>\n<div class=\"text grey-light-dark\">\n<h3><strong>Das bieten wir dir:<\/strong><\/h3>\n<div class=\"career-card-item\">\n<div class=\"career-card-item\">\n<div class=\"career-card-item\">\n<ul>\n<li class=\"text light-dark\">Ein modernes, wachsendes IT-Unternehmen mit flachen Hierarchien mit echter Hands-on-Mentalit\u00e4t<\/li>\n<li class=\"text light-dark\">Moderne Arbeitspl\u00e4tze und ein motiviertes Team<\/li>\n<li class=\"text light-dark\">Unterst\u00fctzung durch ein starkes Technik- und Projektteam<\/li>\n<li class=\"text light-dark\">Flexible Arbeitszeiten und Home-Office-Optionen<\/li>\n<li class=\"text light-dark\">Ein motiviertes Team, das Daten liebt und sie sinnvoll nutzt<\/li>\n<\/ul>\n<\/div>\n<\/div>\n<\/div>\n<\/div>\n<p>[\/et_pb_text][\/et_pb_column][\/et_pb_row][et_pb_row _builder_version=&#8220;4.27.6&#8243; _module_preset=&#8220;default&#8220; custom_margin_tablet=&#8220;&#8220; custom_margin_phone=&#8220;-15px||||false|false&#8220; custom_margin_last_edited=&#8220;on|phone&#8220; global_colors_info=&#8220;{}&#8220;][et_pb_column type=&#8220;4_4&#8243; _builder_version=&#8220;4.27.6&#8243; _module_preset=&#8220;default&#8220; global_colors_info=&#8220;{}&#8220;][dipi_button_grid flex_direction=&#8220;row&#8220; justify_content=&#8220;flex-start&#8220; _builder_version=&#8220;4.27.6&#8243; _module_preset=&#8220;default&#8220; positioning=&#8220;absolute&#8220; position_origin_a=&#8220;bottom_left&#8220; position_origin_a_tablet=&#8220;bottom_left&#8220; position_origin_a_phone=&#8220;bottom_left&#8220; position_origin_a_last_edited=&#8220;on|phone&#8220; position_origin_f_tablet=&#8220;&#8220; position_origin_f_phone=&#8220;&#8220; position_origin_f_last_edited=&#8220;on|phone&#8220; position_origin_r_tablet=&#8220;&#8220; position_origin_r_phone=&#8220;&#8220; position_origin_r_last_edited=&#8220;on|phone&#8220; width=&#8220;100%&#8220; custom_margin=&#8220;42px||-25px|30px|false|false&#8220; custom_margin_tablet=&#8220;25px||20px||false|false&#8220; custom_margin_phone=&#8220;0px||0px|-23px|false|false&#8220; custom_margin_last_edited=&#8220;on|tablet&#8220; custom_padding=&#8220;0px||0px||false|false&#8220; positioning_tablet=&#8220;none&#8220; positioning_phone=&#8220;none&#8220; positioning_last_edited=&#8220;on|tablet&#8220; global_colors_info=&#8220;{}&#8220;][dipi_button_grid_child button_type=&#8220;dp_button&#8220; button_text=&#8220;Jetzt bewerben&#8220; button_link=&#8220;mailto:bewerbungen@rimerit.com?subject=Bewerbung%20als%20Data%20Analyst%20(m%2Fw%2Fd)&#8220; button_link_target=&#8220;off&#8220; _builder_version=&#8220;4.27.6&#8243; _module_preset=&#8220;default&#8220; text_style_font=&#8220;Manrope||||||||&#8220; text_style_font_size=&#8220;18px&#8220; background_enable_color=&#8220;off&#8220; custom_button=&#8220;on&#8220; button_text_size=&#8220;18px&#8220; button_text_color=&#8220;#151E27&#8243; button_bg_color=&#8220;#B8B8F7&#8243; button_border_width=&#8220;1px&#8220; button_border_color=&#8220;#b8b8f6&#8243; button_border_radius=&#8220;8px&#8220; button_font=&#8220;Manrope||||||||&#8220; button_icon=&#8220;&#x26;||divi||400&#8243; button_on_hover=&#8220;off&#8220; button_custom_padding=&#8220;8px||9px||false|false&#8220; custom_padding=&#8220;||||false|false&#8220; custom_css_main_element=&#8220;cursor: pointer;&#8220; global_colors_info=&#8220;{}&#8220; button_bg_color__hover_enabled=&#8220;on|hover&#8220; button_bg_color__hover=&#8220;#6767C9&#8243; button_bg_enable_color__hover=&#8220;on&#8220; button_border_color__hover_enabled=&#8220;on|desktop&#8220; button_border_color__hover=&#8220;#6767C9&#8243;][\/dipi_button_grid_child][\/dipi_button_grid][\/et_pb_column][\/et_pb_row][\/et_pb_section]<\/p>\n","protected":false},"excerpt":{"rendered":"<p>Data Analyst\u00a0(m\/w\/d) IT- &amp; Business Intellegence Start nach Vereinbarung Vollzeit I Teilzeit Remote-Anteil: flexibel nach Absprache Deine Aufgaben: Du analysierst strukturierte und unstrukturierte Daten aus verschiedenen Quellen (z.\u202fB. CRM, ERP, Supportsysteme) und leitest daraus Handlungsempfehlungen ab. Du entwickelst Dashboards und Reports f\u00fcr interne Teams und Kunden \u2013 z.\u202fB. mit Power BI, Excel oder Azure Synapse. [&hellip;]<\/p>\n","protected":false},"author":2,"featured_media":0,"parent":25849065,"menu_order":0,"comment_status":"closed","ping_status":"closed","template":"","meta":{"_et_pb_use_builder":"on","_et_pb_old_content":"<!-- wp:divi\/placeholder \/-->","_et_gb_content_width":"","footnotes":""},"dipi_cpt_category":[],"class_list":["post-25849671","page","type-page","status-publish","hentry"],"_links":{"self":[{"href":"https:\/\/rimerit.com\/en\/wp-json\/wp\/v2\/pages\/25849671","targetHints":{"allow":["GET"]}}],"collection":[{"href":"https:\/\/rimerit.com\/en\/wp-json\/wp\/v2\/pages"}],"about":[{"href":"https:\/\/rimerit.com\/en\/wp-json\/wp\/v2\/types\/page"}],"author":[{"embeddable":true,"href":"https:\/\/rimerit.com\/en\/wp-json\/wp\/v2\/users\/2"}],"replies":[{"embeddable":true,"href":"https:\/\/rimerit.com\/en\/wp-json\/wp\/v2\/comments?post=25849671"}],"version-history":[{"count":11,"href":"https:\/\/rimerit.com\/en\/wp-json\/wp\/v2\/pages\/25849671\/revisions"}],"predecessor-version":[{"id":25849895,"href":"https:\/\/rimerit.com\/en\/wp-json\/wp\/v2\/pages\/25849671\/revisions\/25849895"}],"up":[{"embeddable":true,"href":"https:\/\/rimerit.com\/en\/wp-json\/wp\/v2\/pages\/25849065"}],"wp:attachment":[{"href":"https:\/\/rimerit.com\/en\/wp-json\/wp\/v2\/media?parent=25849671"}],"wp:term":[{"taxonomy":"dipi_cpt_category","embeddable":true,"href":"https:\/\/rimerit.com\/en\/wp-json\/wp\/v2\/dipi_cpt_category?post=25849671"}],"curies":[{"name":"wp","href":"https:\/\/api.w.org\/{rel}","templated":true}]}}