{"id":792,"date":"2024-04-08T14:00:41","date_gmt":"2024-04-08T14:00:41","guid":{"rendered":"https:\/\/demo.divi-pixel.com\/it-services\/?page_id=792"},"modified":"2026-05-08T11:09:18","modified_gmt":"2026-05-08T09:09:18","slug":"contact","status":"publish","type":"page","link":"https:\/\/rimerit.com\/en\/kontakt\/","title":{"rendered":"Contact"},"content":{"rendered":"<p>[et_pb_section fb_built=&#8220;1&#8243; admin_label=&#8220;Hero Section&#8220; _builder_version=&#8220;4.27.6&#8243; _module_preset=&#8220;default&#8220; background_color=&#8220;#000a2b&#8220; use_background_color_gradient=&#8220;on&#8220; background_color_gradient_type=&#8220;circular&#8220; background_color_gradient_stops=&#8220;#000021 0%|#43429d 100%&#8220; background_enable_image=&#8220;off&#8220; width_tablet=&#8220;95%&#8220; width_phone=&#8220;95%&#8220; width_last_edited=&#8220;on|phone&#8220; custom_margin=&#8220;-152px|20px|0px|20px|false|false&#8220; custom_padding=&#8220;30px||||false|false&#8220; module_alignment_tablet=&#8220;center&#8220; module_alignment_phone=&#8220;center&#8220; module_alignment_last_edited=&#8220;on|phone&#8220; border_radii=&#8220;on|20px|20px|20px|20px&#8220; locked=&#8220;off&#8220; global_colors_info=&#8220;{}&#8220;][et_pb_row use_custom_gutter=&#8220;on&#8220; gutter_width=&#8220;1&#8243; make_equal=&#8220;on&#8220; _builder_version=&#8220;4.27.6&#8243; _module_preset=&#8220;default&#8220; position_origin_a=&#8220;center_center&#8220; position_origin_a_tablet=&#8220;center_center&#8220; position_origin_a_phone=&#8220;center_center&#8220; position_origin_a_last_edited=&#8220;off|desktop&#8220; position_origin_f_last_edited=&#8220;off|desktop&#8220; position_origin_r_last_edited=&#8220;off|desktop&#8220; width_tablet=&#8220;&#8220; width_phone=&#8220;90%&#8220; width_last_edited=&#8220;on|phone&#8220; max_width=&#8220;1360px&#8220; max_width_tablet=&#8220;1360px&#8220; max_width_phone=&#8220;100%&#8220; max_width_last_edited=&#8220;on|phone&#8220; custom_margin=&#8220;170px||0px||false|false&#8220; custom_margin_tablet=&#8220;150px||0px||false|false&#8220; custom_margin_phone=&#8220;150px||0px||false|false&#8220; custom_margin_last_edited=&#8220;on|phone&#8220; custom_padding=&#8220;0px||||false|false&#8220; positioning_tablet=&#8220;absolute&#8220; positioning_phone=&#8220;absolute&#8220; positioning_last_edited=&#8220;off|desktop&#8220; custom_css_main_element=&#8220;align-items:flex-end;&#8220; global_colors_info=&#8220;{}&#8220;][et_pb_column type=&#8220;4_4&#8243; _builder_version=&#8220;4.27.6&#8243; _module_preset=&#8220;default&#8220; global_colors_info=&#8220;{}&#8220;][dipi_breadcrumbs bc_separator_icon=&#8220;&#x35;||divi||400&#8243; bc_items_alignment=&#8220;dipi-bc-center&#8220; bc_separator_color=&#8220;#94A3B8&#8243; bc_items_alignment_tablet=&#8220;&#8220; bc_items_alignment_phone=&#8220;dipi-bc-center&#8220; bc_items_alignment_last_edited=&#8220;on|phone&#8220; _builder_version=&#8220;4.27.6&#8243; _module_preset=&#8220;default&#8220; items_font=&#8220;Manrope||||||||&#8220; items_text_color=&#8220;#94A3B8&#8243; active_text_color=&#8220;#FFFFFF&#8220; module_alignment=&#8220;center&#8220; custom_margin=&#8220;||10px||false|false&#8220; custom_margin_tablet=&#8220;||10px||false|false&#8220; custom_margin_phone=&#8220;20px||10px||false|false&#8220; custom_margin_last_edited=&#8220;on|phone&#8220; custom_padding=&#8220;7px||6px|||&#8220; global_colors_info=&#8220;{}&#8220;][\/dipi_breadcrumbs][et_pb_text _builder_version=&#8220;4.27.6&#8243; _module_preset=&#8220;default&#8220; header_font=&#8220;Manrope|600|||||||&#8220; header_text_align=&#8220;center&#8220; header_text_color=&#8220;#FFFFFF&#8220; header_font_size=&#8220;57px&#8220; header_letter_spacing=&#8220;-0.5px&#8220; header_line_height=&#8220;1.2em&#8220; width=&#8220;960px&#8220; width_tablet=&#8220;100%&#8220; width_phone=&#8220;100%&#8220; width_last_edited=&#8220;on|desktop&#8220; module_alignment=&#8220;center&#8220; header_font_size_tablet=&#8220;40px&#8220; header_font_size_phone=&#8220;30px&#8220; header_font_size_last_edited=&#8220;on|phone&#8220; header_line_height_tablet=&#8220;1.2em&#8220; header_line_height_phone=&#8220;1.2em&#8220; header_line_height_last_edited=&#8220;on|phone&#8220; locked=&#8220;off&#8220; global_colors_info=&#8220;{}&#8220;]<\/p>\n<h1>Kontakt <span style=\"background: linear-gradient(90deg, #6C73B9 0%, #7C83C9 50%, #8F96D8 100%); -webkit-background-clip: text; background-clip: text; -webkit-text-fill-color: transparent;\">zu RIMERIT<\/span><\/h1>\n<p>[\/et_pb_text][\/et_pb_column][\/et_pb_row][\/et_pb_section][et_pb_section fb_built=&#8220;1&#8243; _builder_version=&#8220;4.27.6&#8243; _module_preset=&#8220;default&#8220; width_tablet=&#8220;&#8220; width_phone=&#8220;95%&#8220; width_last_edited=&#8220;on|phone&#8220; max_width_tablet=&#8220;&#8220; max_width_phone=&#8220;&#8220; max_width_last_edited=&#8220;on|phone&#8220; custom_margin=&#8220;20px|20px||20px|false|true&#8220; custom_margin_tablet=&#8220;|20px||20px|false|true&#8220; custom_margin_phone=&#8220;15px|20px||20px|false|true&#8220; custom_margin_last_edited=&#8220;on|phone&#8220; custom_padding=&#8220;35px||30px||false|false&#8220; module_alignment_tablet=&#8220;&#8220; module_alignment_phone=&#8220;center&#8220; module_alignment_last_edited=&#8220;on|phone&#8220; border_radii=&#8220;on|20px|20px|20px|20px&#8220; global_colors_info=&#8220;{}&#8220;][et_pb_row column_structure=&#8220;1_2,1_2&#8243; use_custom_gutter=&#8220;on&#8220; gutter_width=&#8220;2&#8243; make_equal=&#8220;on&#8220; custom_padding_last_edited=&#8220;on|phone&#8220; _builder_version=&#8220;4.27.6&#8243; _module_preset=&#8220;default&#8220; width_tablet=&#8220;&#8220; width_phone=&#8220;90%&#8220; width_last_edited=&#8220;on|phone&#8220; max_width=&#8220;1360px&#8220; custom_margin_tablet=&#8220;&#8220; custom_margin_phone=&#8220;0px||||false|false&#8220; custom_margin_last_edited=&#8220;on|phone&#8220; custom_padding=&#8220;20px||||false|false&#8220; custom_padding_tablet=&#8220;20px||||false|false&#8220; custom_padding_phone=&#8220;0px||||false|false&#8220; global_colors_info=&#8220;{}&#8220;][et_pb_column type=&#8220;1_2&#8243; _builder_version=&#8220;4.27.6&#8243; _module_preset=&#8220;default&#8220; background_color=&#8220;rgba(103,103,201,0.07)&#8220; custom_padding=&#8220;30px|20px|30px|20px|true|true&#8220; custom_css_main_element=&#8220;display:flex;||flex-direction:column;&#8220; border_radii=&#8220;on|10px|10px|10px|10px&#8220; border_width_all=&#8220;1px&#8220; border_color_all=&#8220;rgba(148,163,184,0.4)&#8220; global_colors_info=&#8220;{}&#8220;][et_pb_blurb title=&#8220;Kontaktdaten&#8220; content_max_width=&#8220;100%&#8220; _builder_version=&#8220;4.27.6&#8243; _module_preset=&#8220;default&#8220; header_font=&#8220;Manrope|600|||||||&#8220; header_font_size=&#8220;25px&#8220; body_font=&#8220;Manrope||||||||&#8220; body_text_color=&#8220;#64748B&#8220; body_font_size=&#8220;17px&#8220; body_link_text_color=&#8220;#64748B&#8220; body_link_font_size=&#8220;17px&#8220; custom_margin=&#8220;||25px||false|false&#8220; custom_padding=&#8220;||15px||false|false&#8220; border_color_bottom=&#8220;rgba(148,163,184,0.4)&#8220; global_colors_info=&#8220;{}&#8220;][\/et_pb_blurb][et_pb_image src=&#8220;\/wp-content\/uploads\/2026\/04\/benneth_rittscher_rimerit-gmbh.jpg&#8220; alt=&#8220;Benneth Rittscher, RIMERIT GmbH&#8220; title_text=&#8220;benneth_rittscher_rimerit-gmbh&#8220; _builder_version=&#8220;4.27.6&#8243; _module_preset=&#8220;default&#8220; width=&#8220;35%&#8220; border_radii=&#8220;on|10px|10px|10px|10px&#8220; global_colors_info=&#8220;{}&#8220;][\/et_pb_image][et_pb_blurb title=&#8220;Ihr Ansprechpartner&#8220; content_max_width=&#8220;100%&#8220; _builder_version=&#8220;4.27.6&#8243; _module_preset=&#8220;default&#8220; header_font=&#8220;Manrope|600|||||||&#8220; header_font_size=&#8220;17px&#8220; body_font=&#8220;Manrope||||||||&#8220; body_text_color=&#8220;#64748B&#8220; body_font_size=&#8220;17px&#8220; body_link_text_color=&#8220;#64748B&#8220; body_link_font_size=&#8220;17px&#8220; custom_margin=&#8220;||25px||false|false&#8220; custom_padding=&#8220;||15px||false|false&#8220; border_color_bottom=&#8220;rgba(148,163,184,0.4)&#8220; global_colors_info=&#8220;{}&#8220;]<span><span style=\"color: #000000;\">Benneth Rittscher,<span style=\"background: linear-gradient(90deg, #6C73B9 0%, #7C83C9 50%, #8F96D8 100%); -webkit-background-clip: text; background-clip: text; -webkit-text-fill-color: transparent;\">\u00a0Founder <\/span><\/span><\/span>[\/et_pb_blurb][et_pb_blurb title=&#8220;Telefonnummer &#038; Fax&#8220; use_icon=&#8220;on&#8220; font_icon=&#8220;&#xe090;||divi||400&#8243; icon_color=&#8220;#6767C9&#8243; icon_placement=&#8220;left&#8220; image_icon_width=&#8220;21px&#8220; content_max_width=&#8220;100%&#8220; _builder_version=&#8220;4.27.6&#8243; _module_preset=&#8220;default&#8220; header_font=&#8220;Manrope|600|||||||&#8220; header_font_size=&#8220;17px&#8220; body_font=&#8220;Manrope||||||||&#8220; body_text_color=&#8220;#64748B&#8220; body_font_size=&#8220;17px&#8220; body_link_text_color=&#8220;#64748B&#8220; body_link_font_size=&#8220;17px&#8220; custom_margin=&#8220;10px||25px||false|false&#8220; custom_margin_tablet=&#8220;10px||25px||false|false&#8220; custom_margin_phone=&#8220;10px||25px||false|false&#8220; custom_margin_last_edited=&#8220;on|desktop&#8220; custom_padding=&#8220;||15px||false|false&#8220; hover_enabled=&#8220;0&#8243; border_width_bottom=&#8220;1px&#8220; border_color_bottom=&#8220;rgba(148,163,184,0.4)&#8220; global_colors_info=&#8220;{}&#8220; sticky_enabled=&#8220;0&#8243;]<\/p>\n<p><a data-wf-native-id-path=\"8a653bf4-4f27-9ead-9e0a-55468f5bc0df:31b6bcf3-9ab8-c8fa-f391-5e6512be35b6\" data-wf-ao-click-engagement-tracking=\"true\" data-wf-element-id=\"31b6bcf3-9ab8-c8fa-f391-5e6512be35b6\" data-wf-component-context=\"%5B%7B%22componentId%22%3A%2231b6bcf3-9ab8-c8fa-f391-5e6512be358e%22%2C%22instanceId%22%3A%228a653bf4-4f27-9ead-9e0a-55468f5bc0df%22%7D%5D\" href=\"tel:+4920121960984\" class=\"text link\">Tel.: +49 201 219609 80<\/a><br \/>Fax: +49 201 219609 99<\/p>\n<p>[\/et_pb_blurb][et_pb_blurb title=&#8220;Mailkontakt&#8220; use_icon=&#8220;on&#8220; font_icon=&#8220;&#xf0e0;||fa||900&#8243; icon_color=&#8220;#6767C9&#8243; icon_placement=&#8220;left&#8220; image_icon_width=&#8220;21px&#8220; content_max_width=&#8220;100%&#8220; _builder_version=&#8220;4.27.6&#8243; _module_preset=&#8220;default&#8220; header_font=&#8220;Manrope|600|||||||&#8220; header_font_size=&#8220;17px&#8220; body_font=&#8220;Manrope||||||||&#8220; body_text_color=&#8220;#64748B&#8220; body_font_size=&#8220;17px&#8220; body_link_text_color=&#8220;#64748B&#8220; body_link_font_size=&#8220;17px&#8220; custom_margin=&#8220;||1px||false|false&#8220; custom_padding=&#8220;||15px||false|false&#8220; border_color_bottom=&#8220;rgba(148,163,184,0.4)&#8220; global_colors_info=&#8220;{}&#8220;]<\/p>\n<p><a href=\"mailto:info@rimerit.com\">info@rimerit.com<\/a><\/p>\n<p>[\/et_pb_blurb][\/et_pb_column][et_pb_column type=&#8220;1_2&#8243; _builder_version=&#8220;4.27.6&#8243; _module_preset=&#8220;default&#8220; background_color=&#8220;rgba(103,103,201,0.07)&#8220; custom_padding=&#8220;30px|20px|30px|20px|true|true&#8220; custom_css_main_element=&#8220;display:flex;||flex-direction:column;&#8220; border_radii=&#8220;on|10px|10px|10px|10px&#8220; border_width_all=&#8220;1px&#8220; border_color_all=&#8220;rgba(148,163,184,0.4)&#8220; global_colors_info=&#8220;{}&#8220; custom_css_main_element_last_edited=&#8220;on|phone&#8220; custom_css_main_element_phone=&#8220;display:flex;||flex-direction:column;||margin-top:-15px&#8220; custom_css_main_element_tablet=&#8220;display:flex;||flex-direction:column;||margin-top:-15px&#8220;][et_pb_blurb title=&#8220;Adresse&#8220; content_max_width=&#8220;100%&#8220; _builder_version=&#8220;4.27.6&#8243; _module_preset=&#8220;default&#8220; header_font=&#8220;Manrope|600|||||||&#8220; header_font_size=&#8220;25px&#8220; body_font=&#8220;Manrope||||||||&#8220; body_text_color=&#8220;#64748B&#8220; body_font_size=&#8220;17px&#8220; body_link_text_color=&#8220;#64748B&#8220; body_link_font_size=&#8220;17px&#8220; custom_margin=&#8220;||25px||false|false&#8220; custom_padding=&#8220;||15px||false|false&#8220; border_color_bottom=&#8220;rgba(148,163,184,0.4)&#8220; global_colors_info=&#8220;{}&#8220;][\/et_pb_blurb][et_pb_blurb content_max_width=&#8220;100%&#8220; _builder_version=&#8220;4.27.6&#8243; _module_preset=&#8220;default&#8220; header_font=&#8220;Manrope|600|||||||&#8220; header_font_size=&#8220;17px&#8220; body_font=&#8220;Manrope||||||||&#8220; body_text_color=&#8220;#64748B&#8220; body_font_size=&#8220;17px&#8220; body_link_text_color=&#8220;#64748B&#8220; body_link_font_size=&#8220;17px&#8220; custom_margin=&#8220;||25px||false|false&#8220; custom_padding=&#8220;||15px||false|false&#8220; border_color_bottom=&#8220;rgba(148,163,184,0.4)&#8220; global_colors_info=&#8220;{}&#8220;]<\/p>\n<p><strong>RIMERIT GmbH<\/strong><br \/>\u200d<br \/><strong>B\u00fcro:<\/strong><br \/>Bismarckstra\u00dfe 67<br \/>Essen-R\u00fcttenscheid <br \/>45128 Essen<\/p>\n<p><strong>Firmensitz:<\/strong><br \/>Schliepersberg 68<br \/>45257 Essen<\/p>\n<p>[\/et_pb_blurb][dipi_button_grid flex_direction=&#8220;row&#8220; justify_content=&#8220;flex-start&#8220; _builder_version=&#8220;4.27.6&#8243; _module_preset=&#8220;default&#8220; custom_margin=&#8220;|||-6px|false|false&#8220; custom_margin_tablet=&#8220;|||-6px|false|false&#8220; custom_margin_phone=&#8220;|||-6px|false|false&#8220; custom_margin_last_edited=&#8220;on|phone&#8220; custom_css_main_element=&#8220;cursor:pointer;&#8220; locked=&#8220;off&#8220; global_colors_info=&#8220;{}&#8220;][dipi_button_grid_child button_id=&#8220;Beratungsgespr\u00e4ch&#8220; button_type=&#8220;dp_button&#8220; button_text=&#8220;Beratungsgespr\u00e4ch vereinbaren&#8220; button_link=&#8220;@ET-DC@eyJkeW5hbWljIjp0cnVlLCJjb250ZW50IjoicG9zdF9saW5rX3VybF9wYWdlIiwic2V0dGluZ3MiOnsicG9zdF9pZCI6Ijc5MiJ9fQ==@&#8220; module_id=&#8220;dipi_popup_id_25845538&#8243; _builder_version=&#8220;4.27.6&#8243; _dynamic_attributes=&#8220;button_link&#8220; _module_preset=&#8220;default&#8220; text_style_font=&#8220;Manrope||||||||&#8220; text_style_font_size=&#8220;18px&#8220; background_enable_color=&#8220;off&#8220; custom_button=&#8220;on&#8220; button_text_size=&#8220;18px&#8220; button_text_color=&#8220;#151E27&#8243; button_bg_color=&#8220;#B8B8F7&#8243; button_border_width=&#8220;1px&#8220; button_border_color=&#8220;#b8b8f6&#8243; button_border_radius=&#8220;8px&#8220; button_font=&#8220;Manrope||||||||&#8220; button_icon=&#8220;&#x26;||divi||400&#8243; button_on_hover=&#8220;off&#8220; button_custom_padding=&#8220;8px||9px||false|false&#8220; custom_padding=&#8220;||||false|false&#8220; custom_css_main_element=&#8220;cursor:pointer;&#8220; global_colors_info=&#8220;{}&#8220; button_bg_color__hover_enabled=&#8220;on|hover&#8220; button_bg_color__hover=&#8220;#6767C9&#8243; button_bg_enable_color__hover=&#8220;on&#8220; button_border_color__hover_enabled=&#8220;on|desktop&#8220; button_border_color__hover=&#8220;#6767C9&#8243;][\/dipi_button_grid_child][dipi_button_grid_child button_id=&#8220;Support&#8220; button_type=&#8220;dp_button&#8220; button_text=&#8220;Support&#8220; button_link=&#8220;@ET-DC@eyJkeW5hbWljIjp0cnVlLCJjb250ZW50IjoicG9zdF9saW5rX3VybF9wYWdlIiwic2V0dGluZ3MiOnsicG9zdF9pZCI6IjI1ODQ5MDcyIn19@&#8220; module_id=&#8220;dipi_popup_id_25845538&#8243; _builder_version=&#8220;4.27.6&#8243; _dynamic_attributes=&#8220;button_link&#8220; _module_preset=&#8220;default&#8220; text_style_font=&#8220;Manrope||||||||&#8220; text_style_font_size=&#8220;18px&#8220; background_enable_color=&#8220;off&#8220; custom_button=&#8220;on&#8220; button_text_size=&#8220;18px&#8220; button_text_color=&#8220;#151E27&#8243; button_bg_color=&#8220;#B8B8F7&#8243; button_border_width=&#8220;1px&#8220; button_border_color=&#8220;#b8b8f6&#8243; button_border_radius=&#8220;8px&#8220; button_font=&#8220;Manrope||||||||&#8220; button_icon=&#8220;&#x26;||divi||400&#8243; button_on_hover=&#8220;off&#8220; button_custom_padding=&#8220;8px||9px||false|false&#8220; custom_padding=&#8220;||||false|false&#8220; custom_css_main_element=&#8220;cursor:pointer;&#8220; global_colors_info=&#8220;{}&#8220; button_bg_color__hover_enabled=&#8220;on|hover&#8220; button_bg_color__hover=&#8220;#6767C9&#8243; button_bg_enable_color__hover=&#8220;on&#8220; button_border_color__hover_enabled=&#8220;on|desktop&#8220; button_border_color__hover=&#8220;#6767C9&#8243;][\/dipi_button_grid_child][\/dipi_button_grid][\/et_pb_column][\/et_pb_row][\/et_pb_section]<\/p>\n","protected":false},"excerpt":{"rendered":"<p><div class=\"et_pb_module dipi_breadcrumbs dipi_breadcrumbs_0\">\n\t\t\t\t\n\t\t\t\t\n\t\t\t\t\n\t\t\t\t\n\t\t\t\t\n\t\t\t\t\n\t\t\t\t<div class=\"et_pb_module_inner\">\n\t\t\t\t\t<div class=\"dipi-breadcrumbs dipi-bc-center\">\n                <ul >\n                    \n                                                        <li  class=\"dipi-breadcrumb-item dipi-breadcrumb-home\">\n\n                                                    <a  href=\"https:\/\/rimerit.com\/en\">\n                                <span  content=\"Home\">\n                                                                        RIMERIT GmbH                                <\/span>\n                            <\/a>\n\n                                                <meta itemprop=\"position\" content=\"1\"\/>                    <\/li>\n\n                    <li class=\"dipi-breadcrumb-separator\">\n                    <span class=\"et-pb-icon dipi-separator-icon\">5<\/span>\n                <\/li>                            \n                <\/ul>\n            <\/div>\n\t\t\t\t<\/div>\n\t\t\t<\/div>Kontakt zu RIMERITBenneth Rittscher,\u00a0Founder Tel.: +49 201 219609 80Fax: +49 201 219609 99info@rimerit.comRIMERIT GmbH\u200dB\u00fcro:Bismarckstra\u00dfe 67Essen-R\u00fcttenscheid 45128 Essen Firmensitz:Schliepersberg 6845257 Essen<div class=\"et_pb_module dipi_button_grid dipi_button_grid_0\">\n\t\t\t\t\n\t\t\t\t\n\t\t\t\t\n\t\t\t\t\n\t\t\t\t\n\t\t\t\t\n\t\t\t\t<div class=\"et_pb_module_inner\">\n\t\t\t\t\t<div class=\"dipi-button-grid-container\">\n                \n            <\/div>\n\t\t\t\t<\/div>\n\t\t\t<\/div><div id=\"&#8220;dipi_popup_id_25845538&#8243;\" class=\"et_pb_module dipi_button_grid_child dipi_button_grid_child_0\">\n\t\t\t\t\n\t\t\t\t\n\t\t\t\t\n\t\t\t\t\n\t\t\t\t\n\t\t\t\t\n\t\t\t\t<div class=\"et_pb_module_inner\">\n\t\t\t\t\t<div class=\"dipi-text-grid dipi-text-wrap\"><\/div>\n\t\t\t\t<\/div>\n\t\t\t<\/div><\/p>","protected":false},"author":1,"featured_media":0,"parent":0,"menu_order":0,"comment_status":"closed","ping_status":"closed","template":"","meta":{"_et_pb_use_builder":"on","_et_pb_old_content":"","_et_gb_content_width":"","footnotes":""},"dipi_cpt_category":[],"class_list":["post-792","page","type-page","status-publish","hentry"],"_links":{"self":[{"href":"https:\/\/rimerit.com\/en\/wp-json\/wp\/v2\/pages\/792","targetHints":{"allow":["GET"]}}],"collection":[{"href":"https:\/\/rimerit.com\/en\/wp-json\/wp\/v2\/pages"}],"about":[{"href":"https:\/\/rimerit.com\/en\/wp-json\/wp\/v2\/types\/page"}],"author":[{"embeddable":true,"href":"https:\/\/rimerit.com\/en\/wp-json\/wp\/v2\/users\/1"}],"replies":[{"embeddable":true,"href":"https:\/\/rimerit.com\/en\/wp-json\/wp\/v2\/comments?post=792"}],"version-history":[{"count":15,"href":"https:\/\/rimerit.com\/en\/wp-json\/wp\/v2\/pages\/792\/revisions"}],"predecessor-version":[{"id":25850299,"href":"https:\/\/rimerit.com\/en\/wp-json\/wp\/v2\/pages\/792\/revisions\/25850299"}],"wp:attachment":[{"href":"https:\/\/rimerit.com\/en\/wp-json\/wp\/v2\/media?parent=792"}],"wp:term":[{"taxonomy":"dipi_cpt_category","embeddable":true,"href":"https:\/\/rimerit.com\/en\/wp-json\/wp\/v2\/dipi_cpt_category?post=792"}],"curies":[{"name":"wp","href":"https:\/\/api.w.org\/{rel}","templated":true}]}}